{"id":9,"date":"2018-11-25T19:36:31","date_gmt":"2018-11-25T19:36:31","guid":{"rendered":"https:\/\/www.organic-cape.nl\/de\/?page_id=9"},"modified":"2023-04-26T11:48:25","modified_gmt":"2023-04-26T11:48:25","slug":"unser-ganzer-stolz","status":"publish","type":"page","link":"https:\/\/www.organic-cape.nl\/de\/unser-ganzer-stolz\/","title":{"rendered":"Unser ganzer Stolz"},"content":{"rendered":"<div class=\"h2\">\n<h2 class=\"has-text-align-center wp-block-heading\">Lokale Kenntnisse und Erfahrung<\/h2>\n<\/div>\n\n<div class=\"wp-block-columns-wrapper\">\n<div class=\"wp-block-columns has-2-columns is-layout-flex wp-container-core-columns-is-layout-9d6595d7 wp-block-columns-is-layout-flex\">\n<div class=\"wp-block-column is-layout-flow wp-block-column-is-layout-flow\">\n<p>Unsere Suche nach neuen, schmackhaften Erzeugnissen mit einem Mehrwert f\u00fcr den europ\u00e4ischen Markt hat uns nach S\u00fcdafrika gef\u00fchrt. Der Boden dort ist reich an Mineralstoffen, die Menschen sind kompetent, engagiert und hilfsbereit.<\/p>\n<\/div>\n\n\n\n<div class=\"wp-block-column is-layout-flow wp-block-column-is-layout-flow\">\n<figure class=\"wp-block-image size-large\"><img loading=\"lazy\" decoding=\"async\" width=\"1024\" height=\"576\" style=\"object-position: 50.000000% 50.000000%;\" src=\"https:\/\/www.organic-cape.nl\/wp-content\/uploads\/sites\/3\/2020\/10\/IMG-20200701-WA0000-1024x576.jpg\" alt=\"\" class=\"wp-image-123\" srcset=\"https:\/\/www.organic-cape.nl\/wp-content\/uploads\/sites\/3\/2020\/10\/IMG-20200701-WA0000-1024x576.jpg 1024w, https:\/\/www.organic-cape.nl\/wp-content\/uploads\/sites\/3\/2020\/10\/IMG-20200701-WA0000-300x169.jpg 300w, https:\/\/www.organic-cape.nl\/wp-content\/uploads\/sites\/3\/2020\/10\/IMG-20200701-WA0000-768x432.jpg 768w, https:\/\/www.organic-cape.nl\/wp-content\/uploads\/sites\/3\/2020\/10\/IMG-20200701-WA0000.jpg 1280w\" sizes=\"auto, (max-width: 1024px) 100vw, 1024px\" \/><\/figure>\n<\/div>\n<\/div>\n<\/div>\n\n<div class=\"h2\">\n<h2 class=\"has-text-align-center wp-block-heading\">Stolz auf S\u00fcdafrika<\/h2>\n<\/div>\n\n<div class=\"wp-block-columns-wrapper\">\n<div class=\"wp-block-columns has-2-columns is-layout-flex wp-container-core-columns-is-layout-9d6595d7 wp-block-columns-is-layout-flex\">\n<div class=\"wp-block-column is-layout-flow wp-block-column-is-layout-flow\">\n<figure class=\"wp-block-image size-large\"><img loading=\"lazy\" decoding=\"async\" width=\"1024\" height=\"497\" style=\"object-position: 50.000000% 50.000000%;\" src=\"https:\/\/www.organic-cape.nl\/wp-content\/uploads\/sites\/3\/2020\/10\/WhatsApp-Image-2020-09-09-at-15.45.45-1024x497.jpeg\" alt=\"\" class=\"wp-image-124\" srcset=\"https:\/\/www.organic-cape.nl\/wp-content\/uploads\/sites\/3\/2020\/10\/WhatsApp-Image-2020-09-09-at-15.45.45-1024x497.jpeg 1024w, https:\/\/www.organic-cape.nl\/wp-content\/uploads\/sites\/3\/2020\/10\/WhatsApp-Image-2020-09-09-at-15.45.45-300x146.jpeg 300w, https:\/\/www.organic-cape.nl\/wp-content\/uploads\/sites\/3\/2020\/10\/WhatsApp-Image-2020-09-09-at-15.45.45-768x373.jpeg 768w, https:\/\/www.organic-cape.nl\/wp-content\/uploads\/sites\/3\/2020\/10\/WhatsApp-Image-2020-09-09-at-15.45.45-1536x746.jpeg 1536w, https:\/\/www.organic-cape.nl\/wp-content\/uploads\/sites\/3\/2020\/10\/WhatsApp-Image-2020-09-09-at-15.45.45.jpeg 1600w\" sizes=\"auto, (max-width: 1024px) 100vw, 1024px\" \/><\/figure>\n\n\n\n<p><\/p>\n<\/div>\n\n\n\n<div class=\"wp-block-column is-layout-flow wp-block-column-is-layout-flow\">\n<p>Gemeinsam mit Erzeugern vor Ort haben wir nach den besten Lagen f\u00fcr den biologischen Anbau von Kartoffeln gesucht. Die Grundlage f\u00fcr einen erfolgreichen Anbau sind unsere gemeinsamen Kenntnisse und Erfahrungen und unsere Vision.<\/p>\n\n\n\n<p>Dank der einzigartigen geografischen Lage ist S\u00fcdafrika ideal f\u00fcr den Anbau von Produkten mit vollem Geschmack. Ein echter Genuss!<\/p>\n<\/div>\n<\/div>\n<\/div>","protected":false},"excerpt":{"rendered":"<p>Lokale Kenntnisse und Erfahrung Unsere Suche nach neuen, schmackhaften Erzeugnissen mit einem Mehrwert f\u00fcr den europ\u00e4ischen Markt hat uns nach S\u00fcdafrika gef\u00fchrt. Der Boden dort ist reich an Mineralstoffen, die Menschen sind kompetent, engagiert und hilfsbereit. Stolz auf S\u00fcdafrika Gemeinsam mit Erzeugern vor Ort haben wir nach den besten Lagen f\u00fcr den biologischen Anbau von [&hellip;]<\/p>\n","protected":false},"author":1,"featured_media":32,"parent":0,"menu_order":0,"comment_status":"closed","ping_status":"closed","template":"","meta":{"_acf_changed":false,"footnotes":""},"class_list":["post-9","page","type-page","status-publish","has-post-thumbnail","hentry"],"acf":[],"yoast_head":"<!-- This site is optimized with the Yoast SEO plugin v27.6 - https:\/\/yoast.com\/product\/yoast-seo-wordpress\/ -->\n<title>Unser ganzer Stolz - Organic Cape<\/title>\n<meta name=\"robots\" content=\"index, follow, max-snippet:-1, max-image-preview:large, max-video-preview:-1\" \/>\n<link rel=\"canonical\" href=\"https:\/\/www.organic-cape.nl\/de\/unser-ganzer-stolz\/\" \/>\n<meta property=\"og:locale\" content=\"de_DE\" \/>\n<meta property=\"og:type\" content=\"article\" \/>\n<meta property=\"og:title\" content=\"Unser ganzer Stolz - Organic Cape\" \/>\n<meta property=\"og:description\" content=\"Lokale Kenntnisse und Erfahrung Unsere Suche nach neuen, schmackhaften Erzeugnissen mit einem Mehrwert f\u00fcr den europ\u00e4ischen Markt hat uns nach S\u00fcdafrika gef\u00fchrt. Der Boden dort ist reich an Mineralstoffen, die Menschen sind kompetent, engagiert und hilfsbereit. Stolz auf S\u00fcdafrika Gemeinsam mit Erzeugern vor Ort haben wir nach den besten Lagen f\u00fcr den biologischen Anbau von [&hellip;]\" \/>\n<meta property=\"og:url\" content=\"https:\/\/www.organic-cape.nl\/de\/unser-ganzer-stolz\/\" \/>\n<meta property=\"og:site_name\" content=\"Organic Cape\" \/>\n<meta property=\"article:modified_time\" content=\"2023-04-26T11:48:25+00:00\" \/>\n<meta property=\"og:image\" content=\"https:\/\/www.organic-cape.nl\/wp-content\/uploads\/sites\/3\/2018\/11\/header-onze-trots-1.jpg\" \/>\n\t<meta property=\"og:image:width\" content=\"1921\" \/>\n\t<meta property=\"og:image:height\" content=\"1266\" \/>\n\t<meta property=\"og:image:type\" content=\"image\/jpeg\" \/>\n<meta name=\"twitter:card\" content=\"summary_large_image\" \/>\n<meta name=\"twitter:label1\" content=\"Gesch\u00e4tzte Lesezeit\" \/>\n\t<meta name=\"twitter:data1\" content=\"1\u00a0Minute\" \/>\n<script type=\"application\/ld+json\" class=\"yoast-schema-graph\">{\"@context\":\"https:\\\/\\\/schema.org\",\"@graph\":[{\"@type\":\"WebPage\",\"@id\":\"https:\\\/\\\/www.organic-cape.nl\\\/de\\\/unser-ganzer-stolz\\\/\",\"url\":\"https:\\\/\\\/www.organic-cape.nl\\\/de\\\/unser-ganzer-stolz\\\/\",\"name\":\"Unser ganzer Stolz - Organic Cape\",\"isPartOf\":{\"@id\":\"https:\\\/\\\/www.organic-cape.nl\\\/de\\\/#website\"},\"primaryImageOfPage\":{\"@id\":\"https:\\\/\\\/www.organic-cape.nl\\\/de\\\/unser-ganzer-stolz\\\/#primaryimage\"},\"image\":{\"@id\":\"https:\\\/\\\/www.organic-cape.nl\\\/de\\\/unser-ganzer-stolz\\\/#primaryimage\"},\"thumbnailUrl\":\"https:\\\/\\\/www.organic-cape.nl\\\/wp-content\\\/uploads\\\/sites\\\/3\\\/2018\\\/11\\\/header-onze-trots-1.jpg\",\"datePublished\":\"2018-11-25T19:36:31+00:00\",\"dateModified\":\"2023-04-26T11:48:25+00:00\",\"breadcrumb\":{\"@id\":\"https:\\\/\\\/www.organic-cape.nl\\\/de\\\/unser-ganzer-stolz\\\/#breadcrumb\"},\"inLanguage\":\"de\",\"potentialAction\":[{\"@type\":\"ReadAction\",\"target\":[\"https:\\\/\\\/www.organic-cape.nl\\\/de\\\/unser-ganzer-stolz\\\/\"]}]},{\"@type\":\"ImageObject\",\"inLanguage\":\"de\",\"@id\":\"https:\\\/\\\/www.organic-cape.nl\\\/de\\\/unser-ganzer-stolz\\\/#primaryimage\",\"url\":\"https:\\\/\\\/www.organic-cape.nl\\\/wp-content\\\/uploads\\\/sites\\\/3\\\/2018\\\/11\\\/header-onze-trots-1.jpg\",\"contentUrl\":\"https:\\\/\\\/www.organic-cape.nl\\\/wp-content\\\/uploads\\\/sites\\\/3\\\/2018\\\/11\\\/header-onze-trots-1.jpg\",\"width\":1921,\"height\":1266},{\"@type\":\"BreadcrumbList\",\"@id\":\"https:\\\/\\\/www.organic-cape.nl\\\/de\\\/unser-ganzer-stolz\\\/#breadcrumb\",\"itemListElement\":[{\"@type\":\"ListItem\",\"position\":1,\"name\":\"Home\",\"item\":\"https:\\\/\\\/www.organic-cape.nl\\\/de\\\/\"},{\"@type\":\"ListItem\",\"position\":2,\"name\":\"Unser ganzer Stolz\"}]},{\"@type\":\"WebSite\",\"@id\":\"https:\\\/\\\/www.organic-cape.nl\\\/de\\\/#website\",\"url\":\"https:\\\/\\\/www.organic-cape.nl\\\/de\\\/\",\"name\":\"Organic Cape\",\"description\":\"Get a taste of the Organic Cape\",\"potentialAction\":[{\"@type\":\"SearchAction\",\"target\":{\"@type\":\"EntryPoint\",\"urlTemplate\":\"https:\\\/\\\/www.organic-cape.nl\\\/de\\\/?s={search_term_string}\"},\"query-input\":{\"@type\":\"PropertyValueSpecification\",\"valueRequired\":true,\"valueName\":\"search_term_string\"}}],\"inLanguage\":\"de\"}]}<\/script>\n<!-- \/ Yoast SEO plugin. -->","yoast_head_json":{"title":"Unser ganzer Stolz - Organic Cape","robots":{"index":"index","follow":"follow","max-snippet":"max-snippet:-1","max-image-preview":"max-image-preview:large","max-video-preview":"max-video-preview:-1"},"canonical":"https:\/\/www.organic-cape.nl\/de\/unser-ganzer-stolz\/","og_locale":"de_DE","og_type":"article","og_title":"Unser ganzer Stolz - Organic Cape","og_description":"Lokale Kenntnisse und Erfahrung Unsere Suche nach neuen, schmackhaften Erzeugnissen mit einem Mehrwert f\u00fcr den europ\u00e4ischen Markt hat uns nach S\u00fcdafrika gef\u00fchrt. Der Boden dort ist reich an Mineralstoffen, die Menschen sind kompetent, engagiert und hilfsbereit. Stolz auf S\u00fcdafrika Gemeinsam mit Erzeugern vor Ort haben wir nach den besten Lagen f\u00fcr den biologischen Anbau von [&hellip;]","og_url":"https:\/\/www.organic-cape.nl\/de\/unser-ganzer-stolz\/","og_site_name":"Organic Cape","article_modified_time":"2023-04-26T11:48:25+00:00","og_image":[{"width":1921,"height":1266,"url":"https:\/\/www.organic-cape.nl\/wp-content\/uploads\/sites\/3\/2018\/11\/header-onze-trots-1.jpg","type":"image\/jpeg"}],"twitter_card":"summary_large_image","twitter_misc":{"Gesch\u00e4tzte Lesezeit":"1\u00a0Minute"},"schema":{"@context":"https:\/\/schema.org","@graph":[{"@type":"WebPage","@id":"https:\/\/www.organic-cape.nl\/de\/unser-ganzer-stolz\/","url":"https:\/\/www.organic-cape.nl\/de\/unser-ganzer-stolz\/","name":"Unser ganzer Stolz - Organic Cape","isPartOf":{"@id":"https:\/\/www.organic-cape.nl\/de\/#website"},"primaryImageOfPage":{"@id":"https:\/\/www.organic-cape.nl\/de\/unser-ganzer-stolz\/#primaryimage"},"image":{"@id":"https:\/\/www.organic-cape.nl\/de\/unser-ganzer-stolz\/#primaryimage"},"thumbnailUrl":"https:\/\/www.organic-cape.nl\/wp-content\/uploads\/sites\/3\/2018\/11\/header-onze-trots-1.jpg","datePublished":"2018-11-25T19:36:31+00:00","dateModified":"2023-04-26T11:48:25+00:00","breadcrumb":{"@id":"https:\/\/www.organic-cape.nl\/de\/unser-ganzer-stolz\/#breadcrumb"},"inLanguage":"de","potentialAction":[{"@type":"ReadAction","target":["https:\/\/www.organic-cape.nl\/de\/unser-ganzer-stolz\/"]}]},{"@type":"ImageObject","inLanguage":"de","@id":"https:\/\/www.organic-cape.nl\/de\/unser-ganzer-stolz\/#primaryimage","url":"https:\/\/www.organic-cape.nl\/wp-content\/uploads\/sites\/3\/2018\/11\/header-onze-trots-1.jpg","contentUrl":"https:\/\/www.organic-cape.nl\/wp-content\/uploads\/sites\/3\/2018\/11\/header-onze-trots-1.jpg","width":1921,"height":1266},{"@type":"BreadcrumbList","@id":"https:\/\/www.organic-cape.nl\/de\/unser-ganzer-stolz\/#breadcrumb","itemListElement":[{"@type":"ListItem","position":1,"name":"Home","item":"https:\/\/www.organic-cape.nl\/de\/"},{"@type":"ListItem","position":2,"name":"Unser ganzer Stolz"}]},{"@type":"WebSite","@id":"https:\/\/www.organic-cape.nl\/de\/#website","url":"https:\/\/www.organic-cape.nl\/de\/","name":"Organic Cape","description":"Get a taste of the Organic Cape","potentialAction":[{"@type":"SearchAction","target":{"@type":"EntryPoint","urlTemplate":"https:\/\/www.organic-cape.nl\/de\/?s={search_term_string}"},"query-input":{"@type":"PropertyValueSpecification","valueRequired":true,"valueName":"search_term_string"}}],"inLanguage":"de"}]}},"_links":{"self":[{"href":"https:\/\/www.organic-cape.nl\/de\/wp-json\/wp\/v2\/pages\/9","targetHints":{"allow":["GET"]}}],"collection":[{"href":"https:\/\/www.organic-cape.nl\/de\/wp-json\/wp\/v2\/pages"}],"about":[{"href":"https:\/\/www.organic-cape.nl\/de\/wp-json\/wp\/v2\/types\/page"}],"author":[{"embeddable":true,"href":"https:\/\/www.organic-cape.nl\/de\/wp-json\/wp\/v2\/users\/1"}],"replies":[{"embeddable":true,"href":"https:\/\/www.organic-cape.nl\/de\/wp-json\/wp\/v2\/comments?post=9"}],"version-history":[{"count":8,"href":"https:\/\/www.organic-cape.nl\/de\/wp-json\/wp\/v2\/pages\/9\/revisions"}],"predecessor-version":[{"id":180,"href":"https:\/\/www.organic-cape.nl\/de\/wp-json\/wp\/v2\/pages\/9\/revisions\/180"}],"wp:featuredmedia":[{"embeddable":true,"href":"https:\/\/www.organic-cape.nl\/de\/wp-json\/wp\/v2\/media\/32"}],"wp:attachment":[{"href":"https:\/\/www.organic-cape.nl\/de\/wp-json\/wp\/v2\/media?parent=9"}],"curies":[{"name":"wp","href":"https:\/\/api.w.org\/{rel}","templated":true}]}}