{"id":97,"date":"2020-10-19T18:33:22","date_gmt":"2020-10-19T18:33:22","guid":{"rendered":"https:\/\/www.organic-cape.nl\/de\/?post_type=product&#038;p=97"},"modified":"2023-04-26T12:00:08","modified_gmt":"2023-04-26T12:00:08","slug":"cape-orange","status":"publish","type":"product","link":"https:\/\/www.organic-cape.nl\/de\/product\/cape-orange\/","title":{"rendered":"Cape Orange"},"content":{"rendered":"<div class=\"h2\">\n<h2 class=\"has-text-align-center wp-block-heading\">In Zusammenarbeit mit Q-cape haben wir auch Bio-K\u00fcrbisse im Angebot<\/h2>\n<\/div>\n\n<div class=\"wp-block-columns-wrapper\">\n<div class=\"wp-block-columns has-3-columns is-layout-flex wp-container-core-columns-is-layout-9d6595d7 wp-block-columns-is-layout-flex\">\n<div class=\"wp-block-column is-layout-flow wp-block-column-is-layout-flow\">\n<figure class=\"wp-block-image size-large\"><img loading=\"lazy\" decoding=\"async\" width=\"165\" height=\"203\" style=\"object-position: 50.000000% 50.000000%;\" src=\"https:\/\/www.organic-cape.nl\/wp-content\/uploads\/sites\/3\/2020\/10\/cape-orange-logo.svg\" alt=\"\" class=\"wp-image-98\"\/><\/figure>\n<\/div>\n\n\n\n<div class=\"wp-block-column is-layout-flow wp-block-column-is-layout-flow\">\n<p>Der Boden in S\u00fcdafrika ist reich an Mineralstoffen. Au\u00dferdem werden die Erzeugnisse von der Sonne verw\u00f6hnt. Durch dieses Zusammenspiel reifen einzigartige Bio-K\u00fcrbisse mit einem besonders vollen Aroma heran, die in vielen L\u00e4ndern beliebt sind.<\/p>\n<\/div>\n\n\n\n<div class=\"wp-block-column is-layout-flow wp-block-column-is-layout-flow\">\n<figure class=\"wp-block-image size-large\"><img loading=\"lazy\" decoding=\"async\" width=\"920\" height=\"500\" style=\"object-position: 50.000000% 50.000000%;\" src=\"https:\/\/www.organic-cape.nl\/wp-content\/uploads\/sites\/3\/2018\/11\/producten-001.jpg\" alt=\"\" class=\"wp-image-22\" srcset=\"https:\/\/www.organic-cape.nl\/wp-content\/uploads\/sites\/3\/2018\/11\/producten-001.jpg 920w, https:\/\/www.organic-cape.nl\/wp-content\/uploads\/sites\/3\/2018\/11\/producten-001-300x163.jpg 300w, https:\/\/www.organic-cape.nl\/wp-content\/uploads\/sites\/3\/2018\/11\/producten-001-768x417.jpg 768w\" sizes=\"auto, (max-width: 920px) 100vw, 920px\" \/><\/figure>\n<\/div>\n<\/div>\n<\/div>\n\n<div class=\"h2\">\n<h2 class=\"has-text-align-center wp-block-heading\">Sorgf\u00e4ltig von Hand geerntet<\/h2>\n<\/div>\n\n<div class=\"wp-block-columns-wrapper\">\n<div class=\"wp-block-columns has-2-columns is-layout-flex wp-container-core-columns-is-layout-9d6595d7 wp-block-columns-is-layout-flex\">\n<div class=\"wp-block-column is-layout-flow wp-block-column-is-layout-flow\">\n<figure class=\"wp-block-image size-large\"><img loading=\"lazy\" decoding=\"async\" width=\"1024\" height=\"749\" style=\"object-position: 50.000000% 35.000000%;\" src=\"https:\/\/www.organic-cape.nl\/wp-content\/uploads\/sites\/3\/2018\/11\/header-extra-1024x749.jpg\" alt=\"\" class=\"wp-image-72\" srcset=\"https:\/\/www.organic-cape.nl\/wp-content\/uploads\/sites\/3\/2018\/11\/header-extra-1024x749.jpg 1024w, https:\/\/www.organic-cape.nl\/wp-content\/uploads\/sites\/3\/2018\/11\/header-extra-300x219.jpg 300w, https:\/\/www.organic-cape.nl\/wp-content\/uploads\/sites\/3\/2018\/11\/header-extra-768x562.jpg 768w, https:\/\/www.organic-cape.nl\/wp-content\/uploads\/sites\/3\/2018\/11\/header-extra.jpg 1921w\" sizes=\"auto, (max-width: 1024px) 100vw, 1024px\" \/><\/figure>\n<\/div>\n\n\n\n<div class=\"wp-block-column is-layout-flow wp-block-column-is-layout-flow\">\n<p>Die reifen K\u00fcrbisse werden sorgf\u00e4ltig von Hand geerntet. Nach nur wenigen Stunden sind die K\u00fcrbisstiele ausreichend getrocknet. Das Erzeugnis ist dann bereit f\u00fcr die weitere Verarbeitung und den Transport.<\/p>\n<\/div>\n<\/div>\n<\/div>","protected":false},"author":1,"featured_media":30,"parent":0,"template":"","class_list":["post-97","product","type-product","status-publish","has-post-thumbnail","hentry"],"acf":[],"yoast_head":"<!-- This site is optimized with the Yoast SEO plugin v27.6 - https:\/\/yoast.com\/product\/yoast-seo-wordpress\/ -->\n<title>Cape Orange - Organic Cape<\/title>\n<meta name=\"robots\" content=\"index, follow, max-snippet:-1, max-image-preview:large, max-video-preview:-1\" \/>\n<link rel=\"canonical\" href=\"https:\/\/www.organic-cape.nl\/de\/product\/cape-orange\/\" \/>\n<meta property=\"og:locale\" content=\"de_DE\" \/>\n<meta property=\"og:type\" content=\"article\" \/>\n<meta property=\"og:title\" content=\"Cape Orange - Organic Cape\" \/>\n<meta property=\"og:description\" content=\"In Zusammenarbeit mit Q-cape haben wir auch Bio-K\u00fcrbisse im Angebot Der Boden in S\u00fcdafrika ist reich an Mineralstoffen. Au\u00dferdem werden die Erzeugnisse von der Sonne verw\u00f6hnt. Durch dieses Zusammenspiel reifen einzigartige Bio-K\u00fcrbisse mit einem besonders vollen Aroma heran, die in vielen L\u00e4ndern beliebt sind. Sorgf\u00e4ltig von Hand geerntet Die reifen K\u00fcrbisse werden sorgf\u00e4ltig von Hand [&hellip;]\" \/>\n<meta property=\"og:url\" content=\"https:\/\/www.organic-cape.nl\/de\/product\/cape-orange\/\" \/>\n<meta property=\"og:site_name\" content=\"Organic Cape\" \/>\n<meta property=\"article:modified_time\" content=\"2023-04-26T12:00:08+00:00\" \/>\n<meta property=\"og:image\" content=\"https:\/\/www.organic-cape.nl\/wp-content\/uploads\/sites\/3\/2018\/11\/header-home-1.jpg\" \/>\n\t<meta property=\"og:image:width\" content=\"1921\" \/>\n\t<meta property=\"og:image:height\" content=\"1409\" \/>\n\t<meta property=\"og:image:type\" content=\"image\/jpeg\" \/>\n<meta name=\"twitter:card\" content=\"summary_large_image\" \/>\n<meta name=\"twitter:label1\" content=\"Gesch\u00e4tzte Lesezeit\" \/>\n\t<meta name=\"twitter:data1\" content=\"2\u00a0Minuten\" \/>\n<script type=\"application\/ld+json\" class=\"yoast-schema-graph\">{\"@context\":\"https:\\\/\\\/schema.org\",\"@graph\":[{\"@type\":\"WebPage\",\"@id\":\"https:\\\/\\\/www.organic-cape.nl\\\/de\\\/product\\\/cape-orange\\\/\",\"url\":\"https:\\\/\\\/www.organic-cape.nl\\\/de\\\/product\\\/cape-orange\\\/\",\"name\":\"Cape Orange - Organic Cape\",\"isPartOf\":{\"@id\":\"https:\\\/\\\/www.organic-cape.nl\\\/de\\\/#website\"},\"primaryImageOfPage\":{\"@id\":\"https:\\\/\\\/www.organic-cape.nl\\\/de\\\/product\\\/cape-orange\\\/#primaryimage\"},\"image\":{\"@id\":\"https:\\\/\\\/www.organic-cape.nl\\\/de\\\/product\\\/cape-orange\\\/#primaryimage\"},\"thumbnailUrl\":\"https:\\\/\\\/www.organic-cape.nl\\\/wp-content\\\/uploads\\\/sites\\\/3\\\/2018\\\/11\\\/header-home-1.jpg\",\"datePublished\":\"2020-10-19T18:33:22+00:00\",\"dateModified\":\"2023-04-26T12:00:08+00:00\",\"breadcrumb\":{\"@id\":\"https:\\\/\\\/www.organic-cape.nl\\\/de\\\/product\\\/cape-orange\\\/#breadcrumb\"},\"inLanguage\":\"de\",\"potentialAction\":[{\"@type\":\"ReadAction\",\"target\":[\"https:\\\/\\\/www.organic-cape.nl\\\/de\\\/product\\\/cape-orange\\\/\"]}]},{\"@type\":\"ImageObject\",\"inLanguage\":\"de\",\"@id\":\"https:\\\/\\\/www.organic-cape.nl\\\/de\\\/product\\\/cape-orange\\\/#primaryimage\",\"url\":\"https:\\\/\\\/www.organic-cape.nl\\\/wp-content\\\/uploads\\\/sites\\\/3\\\/2018\\\/11\\\/header-home-1.jpg\",\"contentUrl\":\"https:\\\/\\\/www.organic-cape.nl\\\/wp-content\\\/uploads\\\/sites\\\/3\\\/2018\\\/11\\\/header-home-1.jpg\",\"width\":1921,\"height\":1409},{\"@type\":\"BreadcrumbList\",\"@id\":\"https:\\\/\\\/www.organic-cape.nl\\\/de\\\/product\\\/cape-orange\\\/#breadcrumb\",\"itemListElement\":[{\"@type\":\"ListItem\",\"position\":1,\"name\":\"Home\",\"item\":\"https:\\\/\\\/www.organic-cape.nl\\\/de\\\/\"},{\"@type\":\"ListItem\",\"position\":2,\"name\":\"Cape Orange\"}]},{\"@type\":\"WebSite\",\"@id\":\"https:\\\/\\\/www.organic-cape.nl\\\/de\\\/#website\",\"url\":\"https:\\\/\\\/www.organic-cape.nl\\\/de\\\/\",\"name\":\"Organic Cape\",\"description\":\"Get a taste of the Organic Cape\",\"potentialAction\":[{\"@type\":\"SearchAction\",\"target\":{\"@type\":\"EntryPoint\",\"urlTemplate\":\"https:\\\/\\\/www.organic-cape.nl\\\/de\\\/?s={search_term_string}\"},\"query-input\":{\"@type\":\"PropertyValueSpecification\",\"valueRequired\":true,\"valueName\":\"search_term_string\"}}],\"inLanguage\":\"de\"}]}<\/script>\n<!-- \/ Yoast SEO plugin. -->","yoast_head_json":{"title":"Cape Orange - Organic Cape","robots":{"index":"index","follow":"follow","max-snippet":"max-snippet:-1","max-image-preview":"max-image-preview:large","max-video-preview":"max-video-preview:-1"},"canonical":"https:\/\/www.organic-cape.nl\/de\/product\/cape-orange\/","og_locale":"de_DE","og_type":"article","og_title":"Cape Orange - Organic Cape","og_description":"In Zusammenarbeit mit Q-cape haben wir auch Bio-K\u00fcrbisse im Angebot Der Boden in S\u00fcdafrika ist reich an Mineralstoffen. Au\u00dferdem werden die Erzeugnisse von der Sonne verw\u00f6hnt. Durch dieses Zusammenspiel reifen einzigartige Bio-K\u00fcrbisse mit einem besonders vollen Aroma heran, die in vielen L\u00e4ndern beliebt sind. Sorgf\u00e4ltig von Hand geerntet Die reifen K\u00fcrbisse werden sorgf\u00e4ltig von Hand [&hellip;]","og_url":"https:\/\/www.organic-cape.nl\/de\/product\/cape-orange\/","og_site_name":"Organic Cape","article_modified_time":"2023-04-26T12:00:08+00:00","og_image":[{"width":1921,"height":1409,"url":"https:\/\/www.organic-cape.nl\/wp-content\/uploads\/sites\/3\/2018\/11\/header-home-1.jpg","type":"image\/jpeg"}],"twitter_card":"summary_large_image","twitter_misc":{"Gesch\u00e4tzte Lesezeit":"2\u00a0Minuten"},"schema":{"@context":"https:\/\/schema.org","@graph":[{"@type":"WebPage","@id":"https:\/\/www.organic-cape.nl\/de\/product\/cape-orange\/","url":"https:\/\/www.organic-cape.nl\/de\/product\/cape-orange\/","name":"Cape Orange - Organic Cape","isPartOf":{"@id":"https:\/\/www.organic-cape.nl\/de\/#website"},"primaryImageOfPage":{"@id":"https:\/\/www.organic-cape.nl\/de\/product\/cape-orange\/#primaryimage"},"image":{"@id":"https:\/\/www.organic-cape.nl\/de\/product\/cape-orange\/#primaryimage"},"thumbnailUrl":"https:\/\/www.organic-cape.nl\/wp-content\/uploads\/sites\/3\/2018\/11\/header-home-1.jpg","datePublished":"2020-10-19T18:33:22+00:00","dateModified":"2023-04-26T12:00:08+00:00","breadcrumb":{"@id":"https:\/\/www.organic-cape.nl\/de\/product\/cape-orange\/#breadcrumb"},"inLanguage":"de","potentialAction":[{"@type":"ReadAction","target":["https:\/\/www.organic-cape.nl\/de\/product\/cape-orange\/"]}]},{"@type":"ImageObject","inLanguage":"de","@id":"https:\/\/www.organic-cape.nl\/de\/product\/cape-orange\/#primaryimage","url":"https:\/\/www.organic-cape.nl\/wp-content\/uploads\/sites\/3\/2018\/11\/header-home-1.jpg","contentUrl":"https:\/\/www.organic-cape.nl\/wp-content\/uploads\/sites\/3\/2018\/11\/header-home-1.jpg","width":1921,"height":1409},{"@type":"BreadcrumbList","@id":"https:\/\/www.organic-cape.nl\/de\/product\/cape-orange\/#breadcrumb","itemListElement":[{"@type":"ListItem","position":1,"name":"Home","item":"https:\/\/www.organic-cape.nl\/de\/"},{"@type":"ListItem","position":2,"name":"Cape Orange"}]},{"@type":"WebSite","@id":"https:\/\/www.organic-cape.nl\/de\/#website","url":"https:\/\/www.organic-cape.nl\/de\/","name":"Organic Cape","description":"Get a taste of the Organic Cape","potentialAction":[{"@type":"SearchAction","target":{"@type":"EntryPoint","urlTemplate":"https:\/\/www.organic-cape.nl\/de\/?s={search_term_string}"},"query-input":{"@type":"PropertyValueSpecification","valueRequired":true,"valueName":"search_term_string"}}],"inLanguage":"de"}]}},"_links":{"self":[{"href":"https:\/\/www.organic-cape.nl\/de\/wp-json\/wp\/v2\/product\/97","targetHints":{"allow":["GET"]}}],"collection":[{"href":"https:\/\/www.organic-cape.nl\/de\/wp-json\/wp\/v2\/product"}],"about":[{"href":"https:\/\/www.organic-cape.nl\/de\/wp-json\/wp\/v2\/types\/product"}],"author":[{"embeddable":true,"href":"https:\/\/www.organic-cape.nl\/de\/wp-json\/wp\/v2\/users\/1"}],"version-history":[{"count":6,"href":"https:\/\/www.organic-cape.nl\/de\/wp-json\/wp\/v2\/product\/97\/revisions"}],"predecessor-version":[{"id":193,"href":"https:\/\/www.organic-cape.nl\/de\/wp-json\/wp\/v2\/product\/97\/revisions\/193"}],"wp:featuredmedia":[{"embeddable":true,"href":"https:\/\/www.organic-cape.nl\/de\/wp-json\/wp\/v2\/media\/30"}],"wp:attachment":[{"href":"https:\/\/www.organic-cape.nl\/de\/wp-json\/wp\/v2\/media?parent=97"}],"curies":[{"name":"wp","href":"https:\/\/api.w.org\/{rel}","templated":true}]}}